{"id":3596,"date":"2025-02-03T09:53:13","date_gmt":"2025-02-03T09:53:13","guid":{"rendered":"https:\/\/casinorating7.com\/?page_id=3596"},"modified":"2026-04-21T10:10:10","modified_gmt":"2026-04-21T10:10:10","slug":"sample-page","status":"publish","type":"page","link":"https:\/\/casinorating7.com\/es\/","title":{"rendered":"P\u00e1gina de inicio"},"content":{"rendered":"","protected":false},"excerpt":{"rendered":"","protected":false},"author":1,"featured_media":0,"parent":0,"menu_order":0,"comment_status":"closed","ping_status":"open","template":"views\/page-home.php","meta":{"footnotes":""},"class_list":["post-3596","page","type-page","status-publish","hentry"],"acf":[],"yoast_head":"<!-- This site is optimized with the Yoast SEO plugin v24.4 - https:\/\/yoast.com\/wordpress\/plugins\/seo\/ -->\n<title>Mejores casinos online con mayores pagos en Espa\u00f1a \ud83c\udfb0 | Mejores ganancias y premios instant\u00e1neos<\/title>\n<meta name=\"description\" content=\"Descubre los mejores casinos online con mayores pagos en Espa\u00f1a, con los tiempos de retirada m\u00e1s r\u00e1pidos. Gana m\u00e1s y retira tu dinero m\u00e1s r\u00e1pido con apps de casino fiables y seguras en Espa\u00f1a.\" \/>\n<meta name=\"robots\" content=\"index, follow, max-snippet:-1, max-image-preview:large, max-video-preview:-1\" \/>\n<link rel=\"canonical\" href=\"https:\/\/casinorating7.com\/es\/\" \/>\n<meta property=\"og:locale\" content=\"es_ES\" \/>\n<meta property=\"og:type\" content=\"article\" \/>\n<meta property=\"og:url\" content=\"https:\/\/casinorating7.com\/es\/\" \/>\n<meta property=\"og:site_name\" content=\"casinorating\" \/>\n<meta property=\"article:modified_time\" content=\"2026-04-21T10:10:10+00:00\" \/>\n<meta name=\"twitter:card\" content=\"summary_large_image\" \/>\n<script type=\"application\/ld+json\" class=\"yoast-schema-graph\">{\"@context\":\"https:\/\/schema.org\",\"@graph\":[{\"@type\":\"WebPage\",\"@id\":\"https:\/\/casinorating7.com\/es\/\",\"url\":\"https:\/\/casinorating7.com\/es\/\",\"name\":\"Mejores casinos online con mayores pagos en Espa\u00f1a \ud83c\udfb0 | Mejores ganancias y premios instant\u00e1neos\",\"isPartOf\":{\"@id\":\"https:\/\/casinorating7.com\/es\/#website\"},\"datePublished\":\"2025-02-03T09:53:13+00:00\",\"dateModified\":\"2026-04-21T10:10:10+00:00\",\"description\":\"Descubre los mejores casinos online con mayores pagos en Espa\u00f1a, con los tiempos de retirada m\u00e1s r\u00e1pidos. Gana m\u00e1s y retira tu dinero m\u00e1s r\u00e1pido con apps de casino fiables y seguras en Espa\u00f1a.\",\"breadcrumb\":{\"@id\":\"https:\/\/casinorating7.com\/es\/#breadcrumb\"},\"inLanguage\":\"es\",\"potentialAction\":[{\"@type\":\"ReadAction\",\"target\":[\"https:\/\/casinorating7.com\/es\/\"]}]},{\"@type\":\"BreadcrumbList\",\"@id\":\"https:\/\/casinorating7.com\/es\/#breadcrumb\",\"itemListElement\":[{\"@type\":\"ListItem\",\"position\":1,\"name\":\"Home\",\"item\":\"https:\/\/casinorating7.com\/es\/\"},{\"@type\":\"ListItem\",\"position\":2,\"name\":\"P\u00e1gina de inicio\"}]},{\"@type\":\"WebSite\",\"@id\":\"https:\/\/casinorating7.com\/es\/#website\",\"url\":\"https:\/\/casinorating7.com\/es\/\",\"name\":\"casinorating\",\"description\":\"\",\"potentialAction\":[{\"@type\":\"SearchAction\",\"target\":{\"@type\":\"EntryPoint\",\"urlTemplate\":\"https:\/\/casinorating7.com\/es\/?s={search_term_string}\"},\"query-input\":{\"@type\":\"PropertyValueSpecification\",\"valueRequired\":true,\"valueName\":\"search_term_string\"}}],\"inLanguage\":\"es\"}]}<\/script>\n<!-- \/ Yoast SEO plugin. -->","yoast_head_json":{"title":"Mejores casinos online con mayores pagos en Espa\u00f1a \ud83c\udfb0 | Mejores ganancias y premios instant\u00e1neos","description":"Descubre los mejores casinos online con mayores pagos en Espa\u00f1a, con los tiempos de retirada m\u00e1s r\u00e1pidos. Gana m\u00e1s y retira tu dinero m\u00e1s r\u00e1pido con apps de casino fiables y seguras en Espa\u00f1a.","robots":{"index":"index","follow":"follow","max-snippet":"max-snippet:-1","max-image-preview":"max-image-preview:large","max-video-preview":"max-video-preview:-1"},"canonical":"https:\/\/casinorating7.com\/es\/","og_locale":"es_ES","og_type":"article","og_url":"https:\/\/casinorating7.com\/es\/","og_site_name":"casinorating","article_modified_time":"2026-04-21T10:10:10+00:00","twitter_card":"summary_large_image","schema":{"@context":"https:\/\/schema.org","@graph":[{"@type":"WebPage","@id":"https:\/\/casinorating7.com\/es\/","url":"https:\/\/casinorating7.com\/es\/","name":"Mejores casinos online con mayores pagos en Espa\u00f1a \ud83c\udfb0 | Mejores ganancias y premios instant\u00e1neos","isPartOf":{"@id":"https:\/\/casinorating7.com\/es\/#website"},"datePublished":"2025-02-03T09:53:13+00:00","dateModified":"2026-04-21T10:10:10+00:00","description":"Descubre los mejores casinos online con mayores pagos en Espa\u00f1a, con los tiempos de retirada m\u00e1s r\u00e1pidos. Gana m\u00e1s y retira tu dinero m\u00e1s r\u00e1pido con apps de casino fiables y seguras en Espa\u00f1a.","breadcrumb":{"@id":"https:\/\/casinorating7.com\/es\/#breadcrumb"},"inLanguage":"es","potentialAction":[{"@type":"ReadAction","target":["https:\/\/casinorating7.com\/es\/"]}]},{"@type":"BreadcrumbList","@id":"https:\/\/casinorating7.com\/es\/#breadcrumb","itemListElement":[{"@type":"ListItem","position":1,"name":"Home","item":"https:\/\/casinorating7.com\/es\/"},{"@type":"ListItem","position":2,"name":"P\u00e1gina de inicio"}]},{"@type":"WebSite","@id":"https:\/\/casinorating7.com\/es\/#website","url":"https:\/\/casinorating7.com\/es\/","name":"casinorating","description":"","potentialAction":[{"@type":"SearchAction","target":{"@type":"EntryPoint","urlTemplate":"https:\/\/casinorating7.com\/es\/?s={search_term_string}"},"query-input":{"@type":"PropertyValueSpecification","valueRequired":true,"valueName":"search_term_string"}}],"inLanguage":"es"}]}},"_links":{"self":[{"href":"https:\/\/casinorating7.com\/es\/wp-json\/wp\/v2\/pages\/3596","targetHints":{"allow":["GET"]}}],"collection":[{"href":"https:\/\/casinorating7.com\/es\/wp-json\/wp\/v2\/pages"}],"about":[{"href":"https:\/\/casinorating7.com\/es\/wp-json\/wp\/v2\/types\/page"}],"author":[{"embeddable":true,"href":"https:\/\/casinorating7.com\/es\/wp-json\/wp\/v2\/users\/1"}],"replies":[{"embeddable":true,"href":"https:\/\/casinorating7.com\/es\/wp-json\/wp\/v2\/comments?post=3596"}],"version-history":[{"count":3,"href":"https:\/\/casinorating7.com\/es\/wp-json\/wp\/v2\/pages\/3596\/revisions"}],"predecessor-version":[{"id":3611,"href":"https:\/\/casinorating7.com\/es\/wp-json\/wp\/v2\/pages\/3596\/revisions\/3611"}],"wp:attachment":[{"href":"https:\/\/casinorating7.com\/es\/wp-json\/wp\/v2\/media?parent=3596"}],"curies":[{"name":"wp","href":"https:\/\/api.w.org\/{rel}","templated":true}]}}