{"id":3384,"date":"2025-02-03T09:53:13","date_gmt":"2025-02-03T09:53:13","guid":{"rendered":"https:\/\/casinorating7.com\/sample-page\/"},"modified":"2026-04-20T08:06:39","modified_gmt":"2026-04-20T08:06:39","slug":"sample-page","status":"publish","type":"page","link":"https:\/\/casinorating7.com\/it\/","title":{"rendered":"Pagina principale"},"content":{"rendered":"","protected":false},"excerpt":{"rendered":"","protected":false},"author":1,"featured_media":0,"parent":0,"menu_order":0,"comment_status":"closed","ping_status":"open","template":"views\/page-home.php","meta":{"footnotes":""},"class_list":["post-3384","page","type-page","status-publish","hentry"],"acf":[],"yoast_head":"<!-- This site is optimized with the Yoast SEO plugin v24.4 - https:\/\/yoast.com\/wordpress\/plugins\/seo\/ -->\n<title>I migliori casin\u00f2 online con pagamenti elevati in Italia \ud83c\udfb0 | Payout elevati e vincite istantanee \ud83d\udcb6<\/title>\n<meta name=\"description\" content=\"Scopri i migliori casin\u00f2 online con i pagamenti pi\u00f9 elevati in Italia e i tempi di prelievo pi\u00f9 rapidi. Vinci di pi\u00f9 e incassa pi\u00f9 velocemente con app di casin\u00f2 affidabili disponibili in Italia.\" \/>\n<meta name=\"robots\" content=\"index, follow, max-snippet:-1, max-image-preview:large, max-video-preview:-1\" \/>\n<link rel=\"canonical\" href=\"https:\/\/casinorating7.com\/it\/\" \/>\n<meta property=\"og:locale\" content=\"it_IT\" \/>\n<meta property=\"og:type\" content=\"article\" \/>\n<meta property=\"og:url\" content=\"https:\/\/casinorating7.com\/it\/\" \/>\n<meta property=\"og:site_name\" content=\"casinorating\" \/>\n<meta property=\"article:modified_time\" content=\"2026-04-20T08:06:39+00:00\" \/>\n<meta name=\"twitter:card\" content=\"summary_large_image\" \/>\n<script type=\"application\/ld+json\" class=\"yoast-schema-graph\">{\"@context\":\"https:\/\/schema.org\",\"@graph\":[{\"@type\":\"WebPage\",\"@id\":\"https:\/\/casinorating7.com\/it\/\",\"url\":\"https:\/\/casinorating7.com\/it\/\",\"name\":\"I migliori casin\u00f2 online con pagamenti elevati in Italia \ud83c\udfb0 | Payout elevati e vincite istantanee \ud83d\udcb6\",\"isPartOf\":{\"@id\":\"https:\/\/casinorating7.com\/it\/#website\"},\"datePublished\":\"2025-02-03T09:53:13+00:00\",\"dateModified\":\"2026-04-20T08:06:39+00:00\",\"description\":\"Scopri i migliori casin\u00f2 online con i pagamenti pi\u00f9 elevati in Italia e i tempi di prelievo pi\u00f9 rapidi. Vinci di pi\u00f9 e incassa pi\u00f9 velocemente con app di casin\u00f2 affidabili disponibili in Italia.\",\"breadcrumb\":{\"@id\":\"https:\/\/casinorating7.com\/it\/#breadcrumb\"},\"inLanguage\":\"it-IT\",\"potentialAction\":[{\"@type\":\"ReadAction\",\"target\":[\"https:\/\/casinorating7.com\/it\/\"]}]},{\"@type\":\"BreadcrumbList\",\"@id\":\"https:\/\/casinorating7.com\/it\/#breadcrumb\",\"itemListElement\":[{\"@type\":\"ListItem\",\"position\":1,\"name\":\"Home\",\"item\":\"https:\/\/casinorating7.com\/it\/\"},{\"@type\":\"ListItem\",\"position\":2,\"name\":\"Pagina principale\"}]},{\"@type\":\"WebSite\",\"@id\":\"https:\/\/casinorating7.com\/it\/#website\",\"url\":\"https:\/\/casinorating7.com\/it\/\",\"name\":\"casinorating\",\"description\":\"\",\"potentialAction\":[{\"@type\":\"SearchAction\",\"target\":{\"@type\":\"EntryPoint\",\"urlTemplate\":\"https:\/\/casinorating7.com\/it\/?s={search_term_string}\"},\"query-input\":{\"@type\":\"PropertyValueSpecification\",\"valueRequired\":true,\"valueName\":\"search_term_string\"}}],\"inLanguage\":\"it-IT\"}]}<\/script>\n<!-- \/ Yoast SEO plugin. -->","yoast_head_json":{"title":"I migliori casin\u00f2 online con pagamenti elevati in Italia \ud83c\udfb0 | Payout elevati e vincite istantanee \ud83d\udcb6","description":"Scopri i migliori casin\u00f2 online con i pagamenti pi\u00f9 elevati in Italia e i tempi di prelievo pi\u00f9 rapidi. Vinci di pi\u00f9 e incassa pi\u00f9 velocemente con app di casin\u00f2 affidabili disponibili in Italia.","robots":{"index":"index","follow":"follow","max-snippet":"max-snippet:-1","max-image-preview":"max-image-preview:large","max-video-preview":"max-video-preview:-1"},"canonical":"https:\/\/casinorating7.com\/it\/","og_locale":"it_IT","og_type":"article","og_url":"https:\/\/casinorating7.com\/it\/","og_site_name":"casinorating","article_modified_time":"2026-04-20T08:06:39+00:00","twitter_card":"summary_large_image","schema":{"@context":"https:\/\/schema.org","@graph":[{"@type":"WebPage","@id":"https:\/\/casinorating7.com\/it\/","url":"https:\/\/casinorating7.com\/it\/","name":"I migliori casin\u00f2 online con pagamenti elevati in Italia \ud83c\udfb0 | Payout elevati e vincite istantanee \ud83d\udcb6","isPartOf":{"@id":"https:\/\/casinorating7.com\/it\/#website"},"datePublished":"2025-02-03T09:53:13+00:00","dateModified":"2026-04-20T08:06:39+00:00","description":"Scopri i migliori casin\u00f2 online con i pagamenti pi\u00f9 elevati in Italia e i tempi di prelievo pi\u00f9 rapidi. Vinci di pi\u00f9 e incassa pi\u00f9 velocemente con app di casin\u00f2 affidabili disponibili in Italia.","breadcrumb":{"@id":"https:\/\/casinorating7.com\/it\/#breadcrumb"},"inLanguage":"it-IT","potentialAction":[{"@type":"ReadAction","target":["https:\/\/casinorating7.com\/it\/"]}]},{"@type":"BreadcrumbList","@id":"https:\/\/casinorating7.com\/it\/#breadcrumb","itemListElement":[{"@type":"ListItem","position":1,"name":"Home","item":"https:\/\/casinorating7.com\/it\/"},{"@type":"ListItem","position":2,"name":"Pagina principale"}]},{"@type":"WebSite","@id":"https:\/\/casinorating7.com\/it\/#website","url":"https:\/\/casinorating7.com\/it\/","name":"casinorating","description":"","potentialAction":[{"@type":"SearchAction","target":{"@type":"EntryPoint","urlTemplate":"https:\/\/casinorating7.com\/it\/?s={search_term_string}"},"query-input":{"@type":"PropertyValueSpecification","valueRequired":true,"valueName":"search_term_string"}}],"inLanguage":"it-IT"}]}},"_links":{"self":[{"href":"https:\/\/casinorating7.com\/it\/wp-json\/wp\/v2\/pages\/3384","targetHints":{"allow":["GET"]}}],"collection":[{"href":"https:\/\/casinorating7.com\/it\/wp-json\/wp\/v2\/pages"}],"about":[{"href":"https:\/\/casinorating7.com\/it\/wp-json\/wp\/v2\/types\/page"}],"author":[{"embeddable":true,"href":"https:\/\/casinorating7.com\/it\/wp-json\/wp\/v2\/users\/1"}],"replies":[{"embeddable":true,"href":"https:\/\/casinorating7.com\/it\/wp-json\/wp\/v2\/comments?post=3384"}],"version-history":[{"count":2,"href":"https:\/\/casinorating7.com\/it\/wp-json\/wp\/v2\/pages\/3384\/revisions"}],"predecessor-version":[{"id":3433,"href":"https:\/\/casinorating7.com\/it\/wp-json\/wp\/v2\/pages\/3384\/revisions\/3433"}],"wp:attachment":[{"href":"https:\/\/casinorating7.com\/it\/wp-json\/wp\/v2\/media?parent=3384"}],"curies":[{"name":"wp","href":"https:\/\/api.w.org\/{rel}","templated":true}]}}