{"id":1021,"date":"2025-02-03T09:53:13","date_gmt":"2025-02-03T09:53:13","guid":{"rendered":"https:\/\/casinorating7.com\/strona-glowna\/"},"modified":"2025-02-03T09:53:13","modified_gmt":"2025-02-03T09:53:13","slug":"strona-glowna","status":"publish","type":"page","link":"https:\/\/casinorating7.com\/pl\/","title":{"rendered":"Strona g\u0142\u00f3wna"},"content":{"rendered":"","protected":false},"excerpt":{"rendered":"","protected":false},"author":1,"featured_media":0,"parent":0,"menu_order":0,"comment_status":"closed","ping_status":"open","template":"views\/page-home.php","meta":{"footnotes":""},"class_list":["post-1021","page","type-page","status-publish","hentry"],"acf":[],"yoast_head":"<!-- This site is optimized with the Yoast SEO plugin v24.4 - https:\/\/yoast.com\/wordpress\/plugins\/seo\/ -->\n<title>Najlepiej p\u0142ac\u0105ce kasyna online w Kanadzie \ud83c\udfb0 | Najwy\u017csze wyp\u0142aty i natychmiastowe wygrane<\/title>\n<meta name=\"description\" content=\"Odkryj najlepiej p\u0142ac\u0105ce kasyna online w Kanadzie z najszybszymi czasami wyp\u0142at. Wygrywaj wi\u0119cej i wyp\u0142acaj szybciej dzi\u0119ki zaufanym kanadyjskim aplikacjom kasynowym.\" \/>\n<meta name=\"robots\" content=\"index, follow, max-snippet:-1, max-image-preview:large, max-video-preview:-1\" \/>\n<link rel=\"canonical\" href=\"https:\/\/casinorating7.com\/pl\/\" \/>\n<meta property=\"og:locale\" content=\"pl_PL\" \/>\n<meta property=\"og:type\" content=\"article\" \/>\n<meta property=\"og:url\" content=\"https:\/\/casinorating7.com\/pl\/\" \/>\n<meta property=\"og:site_name\" content=\"casinorating\" \/>\n<meta name=\"twitter:card\" content=\"summary_large_image\" \/>\n<script type=\"application\/ld+json\" class=\"yoast-schema-graph\">{\"@context\":\"https:\/\/schema.org\",\"@graph\":[{\"@type\":\"WebPage\",\"@id\":\"https:\/\/casinorating7.com\/pl\/\",\"url\":\"https:\/\/casinorating7.com\/pl\/\",\"name\":\"Najlepiej p\u0142ac\u0105ce kasyna online w Kanadzie \ud83c\udfb0 | Najwy\u017csze wyp\u0142aty i natychmiastowe wygrane\",\"isPartOf\":{\"@id\":\"https:\/\/casinorating7.com\/pl\/#website\"},\"datePublished\":\"2025-02-03T09:53:13+00:00\",\"description\":\"Odkryj najlepiej p\u0142ac\u0105ce kasyna online w Kanadzie z najszybszymi czasami wyp\u0142at. Wygrywaj wi\u0119cej i wyp\u0142acaj szybciej dzi\u0119ki zaufanym kanadyjskim aplikacjom kasynowym.\",\"breadcrumb\":{\"@id\":\"https:\/\/casinorating7.com\/pl\/#breadcrumb\"},\"inLanguage\":\"pl-PL\",\"potentialAction\":[{\"@type\":\"ReadAction\",\"target\":[\"https:\/\/casinorating7.com\/pl\/\"]}]},{\"@type\":\"BreadcrumbList\",\"@id\":\"https:\/\/casinorating7.com\/pl\/#breadcrumb\",\"itemListElement\":[{\"@type\":\"ListItem\",\"position\":1,\"name\":\"Home\",\"item\":\"https:\/\/casinorating7.com\/pl\/strona-glowna\/\"},{\"@type\":\"ListItem\",\"position\":2,\"name\":\"Strona g\u0142\u00f3wna\"}]},{\"@type\":\"WebSite\",\"@id\":\"https:\/\/casinorating7.com\/pl\/#website\",\"url\":\"https:\/\/casinorating7.com\/pl\/\",\"name\":\"casinorating\",\"description\":\"\",\"potentialAction\":[{\"@type\":\"SearchAction\",\"target\":{\"@type\":\"EntryPoint\",\"urlTemplate\":\"https:\/\/casinorating7.com\/pl\/?s={search_term_string}\"},\"query-input\":{\"@type\":\"PropertyValueSpecification\",\"valueRequired\":true,\"valueName\":\"search_term_string\"}}],\"inLanguage\":\"pl-PL\"}]}<\/script>\n<!-- \/ Yoast SEO plugin. -->","yoast_head_json":{"title":"Najlepiej p\u0142ac\u0105ce kasyna online w Kanadzie \ud83c\udfb0 | Najwy\u017csze wyp\u0142aty i natychmiastowe wygrane","description":"Odkryj najlepiej p\u0142ac\u0105ce kasyna online w Kanadzie z najszybszymi czasami wyp\u0142at. Wygrywaj wi\u0119cej i wyp\u0142acaj szybciej dzi\u0119ki zaufanym kanadyjskim aplikacjom kasynowym.","robots":{"index":"index","follow":"follow","max-snippet":"max-snippet:-1","max-image-preview":"max-image-preview:large","max-video-preview":"max-video-preview:-1"},"canonical":"https:\/\/casinorating7.com\/pl\/","og_locale":"pl_PL","og_type":"article","og_url":"https:\/\/casinorating7.com\/pl\/","og_site_name":"casinorating","twitter_card":"summary_large_image","schema":{"@context":"https:\/\/schema.org","@graph":[{"@type":"WebPage","@id":"https:\/\/casinorating7.com\/pl\/","url":"https:\/\/casinorating7.com\/pl\/","name":"Najlepiej p\u0142ac\u0105ce kasyna online w Kanadzie \ud83c\udfb0 | Najwy\u017csze wyp\u0142aty i natychmiastowe wygrane","isPartOf":{"@id":"https:\/\/casinorating7.com\/pl\/#website"},"datePublished":"2025-02-03T09:53:13+00:00","description":"Odkryj najlepiej p\u0142ac\u0105ce kasyna online w Kanadzie z najszybszymi czasami wyp\u0142at. Wygrywaj wi\u0119cej i wyp\u0142acaj szybciej dzi\u0119ki zaufanym kanadyjskim aplikacjom kasynowym.","breadcrumb":{"@id":"https:\/\/casinorating7.com\/pl\/#breadcrumb"},"inLanguage":"pl-PL","potentialAction":[{"@type":"ReadAction","target":["https:\/\/casinorating7.com\/pl\/"]}]},{"@type":"BreadcrumbList","@id":"https:\/\/casinorating7.com\/pl\/#breadcrumb","itemListElement":[{"@type":"ListItem","position":1,"name":"Home","item":"https:\/\/casinorating7.com\/pl\/strona-glowna\/"},{"@type":"ListItem","position":2,"name":"Strona g\u0142\u00f3wna"}]},{"@type":"WebSite","@id":"https:\/\/casinorating7.com\/pl\/#website","url":"https:\/\/casinorating7.com\/pl\/","name":"casinorating","description":"","potentialAction":[{"@type":"SearchAction","target":{"@type":"EntryPoint","urlTemplate":"https:\/\/casinorating7.com\/pl\/?s={search_term_string}"},"query-input":{"@type":"PropertyValueSpecification","valueRequired":true,"valueName":"search_term_string"}}],"inLanguage":"pl-PL"}]}},"_links":{"self":[{"href":"https:\/\/casinorating7.com\/pl\/wp-json\/wp\/v2\/pages\/1021","targetHints":{"allow":["GET"]}}],"collection":[{"href":"https:\/\/casinorating7.com\/pl\/wp-json\/wp\/v2\/pages"}],"about":[{"href":"https:\/\/casinorating7.com\/pl\/wp-json\/wp\/v2\/types\/page"}],"author":[{"embeddable":true,"href":"https:\/\/casinorating7.com\/pl\/wp-json\/wp\/v2\/users\/1"}],"replies":[{"embeddable":true,"href":"https:\/\/casinorating7.com\/pl\/wp-json\/wp\/v2\/comments?post=1021"}],"version-history":[{"count":0,"href":"https:\/\/casinorating7.com\/pl\/wp-json\/wp\/v2\/pages\/1021\/revisions"}],"wp:attachment":[{"href":"https:\/\/casinorating7.com\/pl\/wp-json\/wp\/v2\/media?parent=1021"}],"curies":[{"name":"wp","href":"https:\/\/api.w.org\/{rel}","templated":true}]}}