{"id":1066,"date":"2025-02-03T09:53:13","date_gmt":"2025-02-03T09:53:13","guid":{"rendered":"https:\/\/casinorating7.com\/pagina-inicial\/"},"modified":"2025-02-03T09:53:13","modified_gmt":"2025-02-03T09:53:13","slug":"pagina-inicial","status":"publish","type":"page","link":"https:\/\/casinorating7.com\/pt-pt\/","title":{"rendered":"P\u00e1gina inicial"},"content":{"rendered":"","protected":false},"excerpt":{"rendered":"","protected":false},"author":1,"featured_media":0,"parent":0,"menu_order":0,"comment_status":"closed","ping_status":"open","template":"views\/page-home.php","meta":{"footnotes":""},"class_list":["post-1066","page","type-page","status-publish","hentry"],"acf":[],"yoast_head":"<!-- This site is optimized with the Yoast SEO plugin v24.4 - https:\/\/yoast.com\/wordpress\/plugins\/seo\/ -->\n<title>Melhores casinos online a pagar no Canad\u00e1 \ud83c\udfb0 | Melhores pagamentos e ganhos instant\u00e2neos<\/title>\n<meta name=\"description\" content=\"Descobre os melhores casinos online a pagar no Canad\u00e1 com os tempos de levantamento mais r\u00e1pidos. Ganha mais e levanta mais depressa com aplica\u00e7\u00f5es de casino canadianas de confian\u00e7a.\" \/>\n<meta name=\"robots\" content=\"index, follow, max-snippet:-1, max-image-preview:large, max-video-preview:-1\" \/>\n<link rel=\"canonical\" href=\"https:\/\/casinorating7.com\/pt-pt\/\" \/>\n<meta property=\"og:locale\" content=\"pt_PT\" \/>\n<meta property=\"og:type\" content=\"article\" \/>\n<meta property=\"og:url\" content=\"https:\/\/casinorating7.com\/pt-pt\/\" \/>\n<meta property=\"og:site_name\" content=\"casinorating\" \/>\n<meta name=\"twitter:card\" content=\"summary_large_image\" \/>\n<script type=\"application\/ld+json\" class=\"yoast-schema-graph\">{\"@context\":\"https:\/\/schema.org\",\"@graph\":[{\"@type\":\"WebPage\",\"@id\":\"https:\/\/casinorating7.com\/pt-pt\/\",\"url\":\"https:\/\/casinorating7.com\/pt-pt\/\",\"name\":\"Melhores casinos online a pagar no Canad\u00e1 \ud83c\udfb0 | Melhores pagamentos e ganhos instant\u00e2neos\",\"isPartOf\":{\"@id\":\"https:\/\/casinorating7.com\/pt-pt\/#website\"},\"datePublished\":\"2025-02-03T09:53:13+00:00\",\"description\":\"Descobre os melhores casinos online a pagar no Canad\u00e1 com os tempos de levantamento mais r\u00e1pidos. Ganha mais e levanta mais depressa com aplica\u00e7\u00f5es de casino canadianas de confian\u00e7a.\",\"breadcrumb\":{\"@id\":\"https:\/\/casinorating7.com\/pt-pt\/#breadcrumb\"},\"inLanguage\":\"pt-PT\",\"potentialAction\":[{\"@type\":\"ReadAction\",\"target\":[\"https:\/\/casinorating7.com\/pt-pt\/\"]}]},{\"@type\":\"BreadcrumbList\",\"@id\":\"https:\/\/casinorating7.com\/pt-pt\/#breadcrumb\",\"itemListElement\":[{\"@type\":\"ListItem\",\"position\":1,\"name\":\"Home\",\"item\":\"https:\/\/casinorating7.com\/pt-pt\/pagina-inicial\/\"},{\"@type\":\"ListItem\",\"position\":2,\"name\":\"P\u00e1gina inicial\"}]},{\"@type\":\"WebSite\",\"@id\":\"https:\/\/casinorating7.com\/pt-pt\/#website\",\"url\":\"https:\/\/casinorating7.com\/pt-pt\/\",\"name\":\"casinorating\",\"description\":\"\",\"potentialAction\":[{\"@type\":\"SearchAction\",\"target\":{\"@type\":\"EntryPoint\",\"urlTemplate\":\"https:\/\/casinorating7.com\/pt-pt\/?s={search_term_string}\"},\"query-input\":{\"@type\":\"PropertyValueSpecification\",\"valueRequired\":true,\"valueName\":\"search_term_string\"}}],\"inLanguage\":\"pt-PT\"}]}<\/script>\n<!-- \/ Yoast SEO plugin. -->","yoast_head_json":{"title":"Melhores casinos online a pagar no Canad\u00e1 \ud83c\udfb0 | Melhores pagamentos e ganhos instant\u00e2neos","description":"Descobre os melhores casinos online a pagar no Canad\u00e1 com os tempos de levantamento mais r\u00e1pidos. Ganha mais e levanta mais depressa com aplica\u00e7\u00f5es de casino canadianas de confian\u00e7a.","robots":{"index":"index","follow":"follow","max-snippet":"max-snippet:-1","max-image-preview":"max-image-preview:large","max-video-preview":"max-video-preview:-1"},"canonical":"https:\/\/casinorating7.com\/pt-pt\/","og_locale":"pt_PT","og_type":"article","og_url":"https:\/\/casinorating7.com\/pt-pt\/","og_site_name":"casinorating","twitter_card":"summary_large_image","schema":{"@context":"https:\/\/schema.org","@graph":[{"@type":"WebPage","@id":"https:\/\/casinorating7.com\/pt-pt\/","url":"https:\/\/casinorating7.com\/pt-pt\/","name":"Melhores casinos online a pagar no Canad\u00e1 \ud83c\udfb0 | Melhores pagamentos e ganhos instant\u00e2neos","isPartOf":{"@id":"https:\/\/casinorating7.com\/pt-pt\/#website"},"datePublished":"2025-02-03T09:53:13+00:00","description":"Descobre os melhores casinos online a pagar no Canad\u00e1 com os tempos de levantamento mais r\u00e1pidos. Ganha mais e levanta mais depressa com aplica\u00e7\u00f5es de casino canadianas de confian\u00e7a.","breadcrumb":{"@id":"https:\/\/casinorating7.com\/pt-pt\/#breadcrumb"},"inLanguage":"pt-PT","potentialAction":[{"@type":"ReadAction","target":["https:\/\/casinorating7.com\/pt-pt\/"]}]},{"@type":"BreadcrumbList","@id":"https:\/\/casinorating7.com\/pt-pt\/#breadcrumb","itemListElement":[{"@type":"ListItem","position":1,"name":"Home","item":"https:\/\/casinorating7.com\/pt-pt\/pagina-inicial\/"},{"@type":"ListItem","position":2,"name":"P\u00e1gina inicial"}]},{"@type":"WebSite","@id":"https:\/\/casinorating7.com\/pt-pt\/#website","url":"https:\/\/casinorating7.com\/pt-pt\/","name":"casinorating","description":"","potentialAction":[{"@type":"SearchAction","target":{"@type":"EntryPoint","urlTemplate":"https:\/\/casinorating7.com\/pt-pt\/?s={search_term_string}"},"query-input":{"@type":"PropertyValueSpecification","valueRequired":true,"valueName":"search_term_string"}}],"inLanguage":"pt-PT"}]}},"_links":{"self":[{"href":"https:\/\/casinorating7.com\/pt-pt\/wp-json\/wp\/v2\/pages\/1066","targetHints":{"allow":["GET"]}}],"collection":[{"href":"https:\/\/casinorating7.com\/pt-pt\/wp-json\/wp\/v2\/pages"}],"about":[{"href":"https:\/\/casinorating7.com\/pt-pt\/wp-json\/wp\/v2\/types\/page"}],"author":[{"embeddable":true,"href":"https:\/\/casinorating7.com\/pt-pt\/wp-json\/wp\/v2\/users\/1"}],"replies":[{"embeddable":true,"href":"https:\/\/casinorating7.com\/pt-pt\/wp-json\/wp\/v2\/comments?post=1066"}],"version-history":[{"count":0,"href":"https:\/\/casinorating7.com\/pt-pt\/wp-json\/wp\/v2\/pages\/1066\/revisions"}],"wp:attachment":[{"href":"https:\/\/casinorating7.com\/pt-pt\/wp-json\/wp\/v2\/media?parent=1066"}],"curies":[{"name":"wp","href":"https:\/\/api.w.org\/{rel}","templated":true}]}}