{"id":3161,"date":"2025-02-17T10:45:33","date_gmt":"2025-02-17T10:45:33","guid":{"rendered":"https:\/\/casinorating7.com\/author\/"},"modified":"2026-04-16T14:17:15","modified_gmt":"2026-04-16T14:17:15","slug":"author","status":"publish","type":"page","link":"https:\/\/casinorating7.com\/pt-pt\/author\/","title":{"rendered":"Autor"},"content":{"rendered":"","protected":false},"excerpt":{"rendered":"","protected":false},"author":1,"featured_media":0,"parent":0,"menu_order":0,"comment_status":"closed","ping_status":"closed","template":"archive-authors.php","meta":{"footnotes":""},"class_list":["post-3161","page","type-page","status-publish","hentry"],"acf":[],"yoast_head":"<!-- This site is optimized with the Yoast SEO plugin v24.4 - https:\/\/yoast.com\/wordpress\/plugins\/seo\/ -->\n<title>Equipa de Autores do CasinoRating7 | Especialistas em Avalia\u00e7\u00f5es de Casinos<\/title>\n<meta name=\"description\" content=\"Conhe\u00e7a a equipa de autores do Casinorating7 \u2014 especialistas do setor que fornecem avalia\u00e7\u00f5es fi\u00e1veis, dicas de casino e an\u00e1lises para o ajudar a escolher as melhores casas de apostas e casinos online.\" \/>\n<meta name=\"robots\" content=\"index, follow, max-snippet:-1, max-image-preview:large, max-video-preview:-1\" \/>\n<link rel=\"canonical\" href=\"https:\/\/casinorating7.com\/pt-pt\/author\/\" \/>\n<meta property=\"og:locale\" content=\"pt_PT\" \/>\n<meta property=\"og:type\" content=\"article\" \/>\n<meta property=\"og:url\" content=\"https:\/\/casinorating7.com\/pt-pt\/author\/\" \/>\n<meta property=\"og:site_name\" content=\"casinorating\" \/>\n<meta property=\"article:modified_time\" content=\"2026-04-16T14:17:15+00:00\" \/>\n<meta name=\"twitter:card\" content=\"summary_large_image\" \/>\n<script type=\"application\/ld+json\" class=\"yoast-schema-graph\">{\"@context\":\"https:\/\/schema.org\",\"@graph\":[{\"@type\":\"WebPage\",\"@id\":\"https:\/\/casinorating7.com\/pt-pt\/author\/\",\"url\":\"https:\/\/casinorating7.com\/pt-pt\/author\/\",\"name\":\"Equipa de Autores do CasinoRating7 | Especialistas em Avalia\u00e7\u00f5es de Casinos\",\"isPartOf\":{\"@id\":\"https:\/\/casinorating7.com\/pt-pt\/#website\"},\"datePublished\":\"2025-02-17T10:45:33+00:00\",\"dateModified\":\"2026-04-16T14:17:15+00:00\",\"description\":\"Conhe\u00e7a a equipa de autores do Casinorating7 \u2014 especialistas do setor que fornecem avalia\u00e7\u00f5es fi\u00e1veis, dicas de casino e an\u00e1lises para o ajudar a escolher as melhores casas de apostas e casinos online.\",\"breadcrumb\":{\"@id\":\"https:\/\/casinorating7.com\/pt-pt\/author\/#breadcrumb\"},\"inLanguage\":\"pt-PT\",\"potentialAction\":[{\"@type\":\"ReadAction\",\"target\":[\"https:\/\/casinorating7.com\/pt-pt\/author\/\"]}]},{\"@type\":\"BreadcrumbList\",\"@id\":\"https:\/\/casinorating7.com\/pt-pt\/author\/#breadcrumb\",\"itemListElement\":[{\"@type\":\"ListItem\",\"position\":1,\"name\":\"Home\",\"item\":\"https:\/\/casinorating7.com\/pt-pt\/pagina-inicial\/\"},{\"@type\":\"ListItem\",\"position\":2,\"name\":\"Autor\"}]},{\"@type\":\"WebSite\",\"@id\":\"https:\/\/casinorating7.com\/pt-pt\/#website\",\"url\":\"https:\/\/casinorating7.com\/pt-pt\/\",\"name\":\"casinorating\",\"description\":\"\",\"potentialAction\":[{\"@type\":\"SearchAction\",\"target\":{\"@type\":\"EntryPoint\",\"urlTemplate\":\"https:\/\/casinorating7.com\/pt-pt\/?s={search_term_string}\"},\"query-input\":{\"@type\":\"PropertyValueSpecification\",\"valueRequired\":true,\"valueName\":\"search_term_string\"}}],\"inLanguage\":\"pt-PT\"}]}<\/script>\n<!-- \/ Yoast SEO plugin. -->","yoast_head_json":{"title":"Equipa de Autores do CasinoRating7 | Especialistas em Avalia\u00e7\u00f5es de Casinos","description":"Conhe\u00e7a a equipa de autores do Casinorating7 \u2014 especialistas do setor que fornecem avalia\u00e7\u00f5es fi\u00e1veis, dicas de casino e an\u00e1lises para o ajudar a escolher as melhores casas de apostas e casinos online.","robots":{"index":"index","follow":"follow","max-snippet":"max-snippet:-1","max-image-preview":"max-image-preview:large","max-video-preview":"max-video-preview:-1"},"canonical":"https:\/\/casinorating7.com\/pt-pt\/author\/","og_locale":"pt_PT","og_type":"article","og_url":"https:\/\/casinorating7.com\/pt-pt\/author\/","og_site_name":"casinorating","article_modified_time":"2026-04-16T14:17:15+00:00","twitter_card":"summary_large_image","schema":{"@context":"https:\/\/schema.org","@graph":[{"@type":"WebPage","@id":"https:\/\/casinorating7.com\/pt-pt\/author\/","url":"https:\/\/casinorating7.com\/pt-pt\/author\/","name":"Equipa de Autores do CasinoRating7 | Especialistas em Avalia\u00e7\u00f5es de Casinos","isPartOf":{"@id":"https:\/\/casinorating7.com\/pt-pt\/#website"},"datePublished":"2025-02-17T10:45:33+00:00","dateModified":"2026-04-16T14:17:15+00:00","description":"Conhe\u00e7a a equipa de autores do Casinorating7 \u2014 especialistas do setor que fornecem avalia\u00e7\u00f5es fi\u00e1veis, dicas de casino e an\u00e1lises para o ajudar a escolher as melhores casas de apostas e casinos online.","breadcrumb":{"@id":"https:\/\/casinorating7.com\/pt-pt\/author\/#breadcrumb"},"inLanguage":"pt-PT","potentialAction":[{"@type":"ReadAction","target":["https:\/\/casinorating7.com\/pt-pt\/author\/"]}]},{"@type":"BreadcrumbList","@id":"https:\/\/casinorating7.com\/pt-pt\/author\/#breadcrumb","itemListElement":[{"@type":"ListItem","position":1,"name":"Home","item":"https:\/\/casinorating7.com\/pt-pt\/pagina-inicial\/"},{"@type":"ListItem","position":2,"name":"Autor"}]},{"@type":"WebSite","@id":"https:\/\/casinorating7.com\/pt-pt\/#website","url":"https:\/\/casinorating7.com\/pt-pt\/","name":"casinorating","description":"","potentialAction":[{"@type":"SearchAction","target":{"@type":"EntryPoint","urlTemplate":"https:\/\/casinorating7.com\/pt-pt\/?s={search_term_string}"},"query-input":{"@type":"PropertyValueSpecification","valueRequired":true,"valueName":"search_term_string"}}],"inLanguage":"pt-PT"}]}},"_links":{"self":[{"href":"https:\/\/casinorating7.com\/pt-pt\/wp-json\/wp\/v2\/pages\/3161","targetHints":{"allow":["GET"]}}],"collection":[{"href":"https:\/\/casinorating7.com\/pt-pt\/wp-json\/wp\/v2\/pages"}],"about":[{"href":"https:\/\/casinorating7.com\/pt-pt\/wp-json\/wp\/v2\/types\/page"}],"author":[{"embeddable":true,"href":"https:\/\/casinorating7.com\/pt-pt\/wp-json\/wp\/v2\/users\/1"}],"replies":[{"embeddable":true,"href":"https:\/\/casinorating7.com\/pt-pt\/wp-json\/wp\/v2\/comments?post=3161"}],"version-history":[{"count":2,"href":"https:\/\/casinorating7.com\/pt-pt\/wp-json\/wp\/v2\/pages\/3161\/revisions"}],"predecessor-version":[{"id":3190,"href":"https:\/\/casinorating7.com\/pt-pt\/wp-json\/wp\/v2\/pages\/3161\/revisions\/3190"}],"wp:attachment":[{"href":"https:\/\/casinorating7.com\/pt-pt\/wp-json\/wp\/v2\/media?parent=3161"}],"curies":[{"name":"wp","href":"https:\/\/api.w.org\/{rel}","templated":true}]}}